{"id":8041,"date":"2020-04-07T13:58:31","date_gmt":"2020-04-07T13:58:31","guid":{"rendered":"https:\/\/the7.io\/business-advisors\/?page_id=9"},"modified":"2022-07-13T11:36:06","modified_gmt":"2022-07-13T11:36:06","slug":"a-propos-de-nous","status":"publish","type":"page","link":"https:\/\/mb-consultant.fr\/?page_id=8041","title":{"rendered":"\u00c0 propos de nous"},"content":{"rendered":"\t\t<div data-elementor-type=\"wp-page\" data-elementor-id=\"8041\" class=\"elementor elementor-8041\">\n\t\t\t\t\t\t<section class=\"elementor-section elementor-top-section elementor-element elementor-element-d8f876b elementor-section-height-min-height elementor-section-items-stretch elementor-section-content-middle elementor-section-boxed elementor-section-height-default\" data-id=\"d8f876b\" data-element_type=\"section\" data-e-type=\"section\">\n\t\t\t\t\t\t<div class=\"elementor-container elementor-column-gap-no\">\n\t\t\t\t\t<div class=\"elementor-column elementor-col-100 elementor-top-column elementor-element elementor-element-28d57ee\" data-id=\"28d57ee\" data-element_type=\"column\" data-e-type=\"column\">\n\t\t\t<div class=\"elementor-widget-wrap elementor-element-populated\">\n\t\t\t\t\t\t<section class=\"elementor-section elementor-inner-section elementor-element elementor-element-b10ea7d elementor-reverse-tablet elementor-reverse-mobile elementor-section-boxed elementor-section-height-default elementor-section-height-default\" data-id=\"b10ea7d\" data-element_type=\"section\" data-e-type=\"section\">\n\t\t\t\t\t\t<div class=\"elementor-container elementor-column-gap-wider\">\n\t\t\t\t\t<div class=\"elementor-column elementor-col-50 elementor-inner-column elementor-element elementor-element-033a778\" data-id=\"033a778\" data-element_type=\"column\" data-e-type=\"column\">\n\t\t\t<div class=\"elementor-widget-wrap elementor-element-populated\">\n\t\t\t\t\t\t<div class=\"elementor-element elementor-element-8391bd1 elementor-widget-tablet__width-inherit elementor-widget elementor-widget-heading\" data-id=\"8391bd1\" data-element_type=\"widget\" data-e-type=\"widget\" data-widget_type=\"heading.default\">\n\t\t\t\t<div class=\"elementor-widget-container\">\n\t\t\t\t\t<h3 class=\"elementor-heading-title elementor-size-default\">MB Consultant est un bureau d\u2019\u00e9tude ind\u00e9pendant depuis 2010, sp\u00e9cialis\u00e9 dans les ascenseurs, escaliers m\u00e9caniques et fermetures motoris\u00e9es.\nNos clients sont des gestionnaires de copropri\u00e9t\u00e9s d\u2019habitation, des Syndics, des responsables de patrimoine dans l\u2019habitat social et des gestionnaires de site tertiaire, commerciaux et d\u2019\u00e9tablissement de sant\u00e9 le tout en IGH et ERP.<\/h3>\t\t\t\t<\/div>\n\t\t\t\t<\/div>\n\t\t\t\t<div class=\"elementor-element elementor-element-5030ace elementor-widget elementor-widget-spacer\" data-id=\"5030ace\" data-element_type=\"widget\" data-e-type=\"widget\" data-widget_type=\"spacer.default\">\n\t\t\t\t<div class=\"elementor-widget-container\">\n\t\t\t\t\t\t\t<div class=\"elementor-spacer\">\n\t\t\t<div class=\"elementor-spacer-inner\"><\/div>\n\t\t<\/div>\n\t\t\t\t\t\t<\/div>\n\t\t\t\t<\/div>\n\t\t\t\t<div class=\"elementor-element elementor-element-68b660e elementor-widget-tablet__width-inherit elementor-widget elementor-widget-heading\" data-id=\"68b660e\" data-element_type=\"widget\" data-e-type=\"widget\" data-widget_type=\"heading.default\">\n\t\t\t\t<div class=\"elementor-widget-container\">\n\t\t\t\t\t<h4 class=\"elementor-heading-title elementor-size-default\">Notre mission<\/h4>\t\t\t\t<\/div>\n\t\t\t\t<\/div>\n\t\t\t\t<div class=\"elementor-element elementor-element-1d5a326 elementor-widget elementor-widget-spacer\" data-id=\"1d5a326\" data-element_type=\"widget\" data-e-type=\"widget\" data-widget_type=\"spacer.default\">\n\t\t\t\t<div class=\"elementor-widget-container\">\n\t\t\t\t\t\t\t<div class=\"elementor-spacer\">\n\t\t\t<div class=\"elementor-spacer-inner\"><\/div>\n\t\t<\/div>\n\t\t\t\t\t\t<\/div>\n\t\t\t\t<\/div>\n\t\t\t\t<div class=\"elementor-element elementor-element-0476f89 elementor-widget elementor-widget-text-editor\" data-id=\"0476f89\" data-element_type=\"widget\" data-e-type=\"widget\" data-widget_type=\"text-editor.default\">\n\t\t\t\t<div class=\"elementor-widget-container\">\n\t\t\t\t\t\t\t\t\t<p><span style=\"font-weight: 400;\">R\u00e9aliser pour vous des contr\u00f4les techniques quinquennaux (ascenseurs), des audits, des expertises, des suivis d\u2019exploitations (analyses de devis, suivis de maintenance) et des suivis de chantiers sur l\u2019ensemble de vos installations.<\/span><\/p><p><span style=\"font-weight: 400;\">MB Consultant r\u00e9alise \u00e9galement des \u00e9tudes de faisabilit\u00e9s, de l\u2019\u00e9tude de trafic et de la maitrise d\u2019\u0153uvre allant de l\u2019audit ou \u00e9tude de conception, en passant par la consultation des entreprises, le suivi de chantier et jusqu\u2019\u00e0 la r\u00e9ception final.<\/span><\/p><p><span style=\"font-weight: 400;\">R\u00e9aliser pour chacun de nos clients un projet sur mesure.<\/span><\/p>\t\t\t\t\t\t\t\t<\/div>\n\t\t\t\t<\/div>\n\t\t\t\t<div class=\"elementor-element elementor-element-3afa459 elementor-widget elementor-widget-spacer\" data-id=\"3afa459\" data-element_type=\"widget\" data-e-type=\"widget\" data-widget_type=\"spacer.default\">\n\t\t\t\t<div class=\"elementor-widget-container\">\n\t\t\t\t\t\t\t<div class=\"elementor-spacer\">\n\t\t\t<div class=\"elementor-spacer-inner\"><\/div>\n\t\t<\/div>\n\t\t\t\t\t\t<\/div>\n\t\t\t\t<\/div>\n\t\t\t\t<div class=\"elementor-element elementor-element-3afd731 elementor-widget-tablet__width-inherit elementor-widget elementor-widget-heading\" data-id=\"3afd731\" data-element_type=\"widget\" data-e-type=\"widget\" data-widget_type=\"heading.default\">\n\t\t\t\t<div class=\"elementor-widget-container\">\n\t\t\t\t\t<h4 class=\"elementor-heading-title elementor-size-default\">Nos valeurs<\/h4>\t\t\t\t<\/div>\n\t\t\t\t<\/div>\n\t\t\t\t<div class=\"elementor-element elementor-element-2ea9479 elementor-widget elementor-widget-spacer\" data-id=\"2ea9479\" data-element_type=\"widget\" data-e-type=\"widget\" data-widget_type=\"spacer.default\">\n\t\t\t\t<div class=\"elementor-widget-container\">\n\t\t\t\t\t\t\t<div class=\"elementor-spacer\">\n\t\t\t<div class=\"elementor-spacer-inner\"><\/div>\n\t\t<\/div>\n\t\t\t\t\t\t<\/div>\n\t\t\t\t<\/div>\n\t\t\t\t<div class=\"elementor-element elementor-element-e497eee elementor-widget elementor-widget-text-editor\" data-id=\"e497eee\" data-element_type=\"widget\" data-e-type=\"widget\" data-widget_type=\"text-editor.default\">\n\t\t\t\t<div class=\"elementor-widget-container\">\n\t\t\t\t\t\t\t\t\t<p><span style=\"font-weight: 400;\">La satisfaction client est notre priorit\u00e9.<\/span><\/p><p><span style=\"font-weight: 400;\">Le respect de la s\u00e9curit\u00e9 est primordial sur l\u2019ensemble de nos interventions.<\/span><\/p><p><span style=\"font-weight: 400;\">La qualit\u00e9 de nos prestations est garantie par le savoir faire depuis 2010 et de plus de 25 ans dans le domaine de l&rsquo;ascenseur.<\/span><\/p><p><span style=\"font-weight: 400;\">L\u2019\u00e9coute attentive des besoins et attentes de nos clients est primordiale pour assurer le d\u00e9veloppement et la croissance de notre entreprise.<\/span><\/p><p><span style=\"font-weight: 400;\">Int\u00e9grer des pr\u00e9conisations environnementales dans les conseils apport\u00e9s \u00e0 nos clients.<\/span><\/p><p><span style=\"font-weight: 400;\">Partager notre passion pour les nouvelles technologies et le progr\u00e8s.<\/span><\/p><p>MB Consultant est membre de la <span style=\"font-weight: 400; color: #c5974a;\"><b>FIEBCA<\/b><\/span> qui est la F\u00e9d\u00e9ration des Ind\u00e9pendants Experts &amp; Bureau de Contr\u00f4le Ascenseurs.<\/p>\t\t\t\t\t\t\t\t<\/div>\n\t\t\t\t<\/div>\n\t\t\t\t<div class=\"elementor-element elementor-element-ee6e7d9 elementor-widget elementor-widget-spacer\" data-id=\"ee6e7d9\" data-element_type=\"widget\" data-e-type=\"widget\" data-widget_type=\"spacer.default\">\n\t\t\t\t<div class=\"elementor-widget-container\">\n\t\t\t\t\t\t\t<div class=\"elementor-spacer\">\n\t\t\t<div class=\"elementor-spacer-inner\"><\/div>\n\t\t<\/div>\n\t\t\t\t\t\t<\/div>\n\t\t\t\t<\/div>\n\t\t\t\t<div class=\"elementor-element elementor-element-3dc3e7b elementor-widget elementor-widget-image\" data-id=\"3dc3e7b\" data-element_type=\"widget\" data-e-type=\"widget\" data-widget_type=\"image.default\">\n\t\t\t\t<div class=\"elementor-widget-container\">\n\t\t\t\t\t\t\t\t\t\t\t\t\t\t\t\t<a href=\"https:\/\/www.fiebca.fr\/\">\n\t\t\t\t\t\t\t<img decoding=\"async\" width=\"300\" height=\"126\" src=\"https:\/\/mb-consultant.fr\/wp-content\/uploads\/2022\/07\/logo_fiebca-300x126.jpg\" class=\"attachment-medium size-medium wp-image-8751\" alt=\"\" srcset=\"https:\/\/mb-consultant.fr\/wp-content\/uploads\/2022\/07\/logo_fiebca-300x126.jpg 300w, https:\/\/mb-consultant.fr\/wp-content\/uploads\/2022\/07\/logo_fiebca.jpg 600w\" sizes=\"(max-width: 300px) 100vw, 300px\" \/>\t\t\t\t\t\t\t\t<\/a>\n\t\t\t\t\t\t\t\t\t\t\t\t\t\t\t<\/div>\n\t\t\t\t<\/div>\n\t\t\t\t\t<\/div>\n\t\t<\/div>\n\t\t\t\t<div class=\"elementor-column elementor-col-50 elementor-inner-column elementor-element elementor-element-edcfeab\" data-id=\"edcfeab\" data-element_type=\"column\" data-e-type=\"column\">\n\t\t\t<div class=\"elementor-widget-wrap elementor-element-populated\">\n\t\t\t\t\t\t<div class=\"elementor-element elementor-element-af8e15b elementor-widget__width-initial elementor-widget-mobile__width-auto elementor-widget elementor-widget-image\" data-id=\"af8e15b\" data-element_type=\"widget\" data-e-type=\"widget\" data-widget_type=\"image.default\">\n\t\t\t\t<div class=\"elementor-widget-container\">\n\t\t\t\t\t\t\t\t\t\t\t\t\t\t\t<img fetchpriority=\"high\" decoding=\"async\" width=\"612\" height=\"408\" src=\"https:\/\/mb-consultant.fr\/wp-content\/uploads\/2022\/06\/Photo-10.jpg\" class=\"attachment-full size-full wp-image-8553\" alt=\"\" srcset=\"https:\/\/mb-consultant.fr\/wp-content\/uploads\/2022\/06\/Photo-10.jpg 612w, https:\/\/mb-consultant.fr\/wp-content\/uploads\/2022\/06\/Photo-10-300x200.jpg 300w, https:\/\/mb-consultant.fr\/wp-content\/uploads\/2022\/06\/Photo-10-391x260.jpg 391w\" sizes=\"(max-width: 612px) 100vw, 612px\" \/>\t\t\t\t\t\t\t\t\t\t\t\t\t\t\t<\/div>\n\t\t\t\t<\/div>\n\t\t\t\t<div class=\"elementor-element elementor-element-f22c2d6 elementor-absolute elementor-view-default elementor-widget elementor-widget-icon\" data-id=\"f22c2d6\" data-element_type=\"widget\" data-e-type=\"widget\" data-settings=\"{&quot;_position&quot;:&quot;absolute&quot;}\" data-widget_type=\"icon.default\">\n\t\t\t\t<div class=\"elementor-widget-container\">\n\t\t\t\t\t\t\t<div class=\"elementor-icon-wrapper\">\n\t\t\t<div class=\"elementor-icon\">\n\t\t\t<svg xmlns=\"http:\/\/www.w3.org\/2000\/svg\" xmlns:xlink=\"http:\/\/www.w3.org\/1999\/xlink\" id=\"Layer_1\" x=\"0px\" y=\"0px\" viewBox=\"0 0 300 300\" style=\"enable-background:new 0 0 300 300;\" xml:space=\"preserve\"><style type=\"text\/css\">\t.st0{display:none;}<\/style><path id=\"blob_3_\" class=\"st0\" d=\"M267.5,196.1c-22.9,31.1-59.2,59-108.1,84.2c-51.9,20.3-95,12.9-131.1-42  c-32.1-48.8-29.1-90.2,14.5-132.1C86.4,64.1,138.5,35,194.6,15c44.9-16,84.9,2.6,93.6,47.9C298.5,122.7,293.2,161.3,267.5,196.1z\"><\/path><path id=\"blob\" d=\"M268.7,201.4c-24,30.7-60.8,58.2-110.5,82.5s-93.1,8.9-130.2-46s-31.1-99.5,18-133.5S146.7,40.8,200.5,16  s84.7-7.8,92.5,51.1S292.7,170.7,268.7,201.4z\"><\/path><\/svg>\t\t\t<\/div>\n\t\t<\/div>\n\t\t\t\t\t\t<\/div>\n\t\t\t\t<\/div>\n\t\t\t\t<div class=\"elementor-element elementor-element-f35e315 elementor-absolute elementor-view-default elementor-widget elementor-widget-icon\" data-id=\"f35e315\" data-element_type=\"widget\" data-e-type=\"widget\" data-settings=\"{&quot;_position&quot;:&quot;absolute&quot;}\" data-widget_type=\"icon.default\">\n\t\t\t\t<div class=\"elementor-widget-container\">\n\t\t\t\t\t\t\t<div class=\"elementor-icon-wrapper\">\n\t\t\t<div class=\"elementor-icon\">\n\t\t\t<svg xmlns=\"http:\/\/www.w3.org\/2000\/svg\" xmlns:xlink=\"http:\/\/www.w3.org\/1999\/xlink\" id=\"Layer_1\" x=\"0px\" y=\"0px\" viewBox=\"0 0 300 300\" style=\"enable-background:new 0 0 300 300;\" xml:space=\"preserve\"><path id=\"blob_1_\" d=\"M105.6,279.6C57.8,254.6,25.7,215,9.4,160.6s1-90.1,51.7-107s94.1-28.9,130.5-35.8s64.9,5.9,86,38.4  c21.1,32.4,24.4,64.8,10.1,96.9c-14.3,32.1-36.3,67.5-66,106.2S153.4,304.5,105.6,279.6z\"><\/path><\/svg>\t\t\t<\/div>\n\t\t<\/div>\n\t\t\t\t\t\t<\/div>\n\t\t\t\t<\/div>\n\t\t\t\t\t<\/div>\n\t\t<\/div>\n\t\t\t\t\t<\/div>\n\t\t<\/section>\n\t\t\t\t\t<\/div>\n\t\t<\/div>\n\t\t\t\t\t<\/div>\n\t\t<\/section>\n\t\t\t\t<section class=\"elementor-section elementor-top-section elementor-element elementor-element-092365d elementor-section-height-min-height elementor-section-items-stretch elementor-section-content-middle elementor-section-boxed elementor-section-height-default\" data-id=\"092365d\" data-element_type=\"section\" data-e-type=\"section\">\n\t\t\t\t\t\t<div class=\"elementor-container elementor-column-gap-no\">\n\t\t\t\t\t<div class=\"elementor-column elementor-col-100 elementor-top-column elementor-element elementor-element-b7f76d2\" data-id=\"b7f76d2\" data-element_type=\"column\" data-e-type=\"column\" data-settings=\"{&quot;background_background&quot;:&quot;classic&quot;}\">\n\t\t\t<div class=\"elementor-widget-wrap\">\n\t\t\t\t\t\t\t<\/div>\n\t\t<\/div>\n\t\t\t\t\t<\/div>\n\t\t<\/section>\n\t\t\t\t<\/div>\n\t\t","protected":false},"excerpt":{"rendered":"<p>MB Consultant est un bureau d\u2019\u00e9tude ind\u00e9pendant depuis 2010, sp\u00e9cialis\u00e9 dans les ascenseurs, escaliers m\u00e9caniques et fermetures motoris\u00e9es. Nos clients sont des gestionnaires de copropri\u00e9t\u00e9s d\u2019habitation, des Syndics, des responsables de patrimoine dans l\u2019habitat social et des gestionnaires de site tertiaire, commerciaux et d\u2019\u00e9tablissement de sant\u00e9 le tout en IGH et ERP. Notre mission R\u00e9aliser&hellip;<\/p>\n","protected":false},"author":1,"featured_media":0,"parent":0,"menu_order":4,"comment_status":"closed","ping_status":"closed","template":"","meta":{"footnotes":""},"class_list":["post-8041","page","type-page","status-publish","hentry"],"_links":{"self":[{"href":"https:\/\/mb-consultant.fr\/index.php?rest_route=\/wp\/v2\/pages\/8041","targetHints":{"allow":["GET"]}}],"collection":[{"href":"https:\/\/mb-consultant.fr\/index.php?rest_route=\/wp\/v2\/pages"}],"about":[{"href":"https:\/\/mb-consultant.fr\/index.php?rest_route=\/wp\/v2\/types\/page"}],"author":[{"embeddable":true,"href":"https:\/\/mb-consultant.fr\/index.php?rest_route=\/wp\/v2\/users\/1"}],"replies":[{"embeddable":true,"href":"https:\/\/mb-consultant.fr\/index.php?rest_route=%2Fwp%2Fv2%2Fcomments&post=8041"}],"version-history":[{"count":64,"href":"https:\/\/mb-consultant.fr\/index.php?rest_route=\/wp\/v2\/pages\/8041\/revisions"}],"predecessor-version":[{"id":8766,"href":"https:\/\/mb-consultant.fr\/index.php?rest_route=\/wp\/v2\/pages\/8041\/revisions\/8766"}],"wp:attachment":[{"href":"https:\/\/mb-consultant.fr\/index.php?rest_route=%2Fwp%2Fv2%2Fmedia&parent=8041"}],"curies":[{"name":"wp","href":"https:\/\/api.w.org\/{rel}","templated":true}]}}